{"id":491,"date":"2025-10-20T15:29:56","date_gmt":"2025-10-20T13:29:56","guid":{"rendered":"https:\/\/km.tsted.pl\/about\/"},"modified":"2026-03-16T12:05:39","modified_gmt":"2026-03-16T11:05:39","slug":"about","status":"publish","type":"page","link":"https:\/\/www.klaudynamarciniak.com\/en\/","title":{"rendered":"About"},"content":{"rendered":"<p><span style=\"font-family: helvetica, arial, sans-serif; font-size: 12pt;\">Klaudyna Marciniak, applied arts designer, works mainly in the field of ceramics. She gained her knowledge in Great Britain and Poland. She studied Design and Applied Arts at University of Wolverhampton and also studied as part of the scholarship program at the Academy of Art and Design in Wroc\u0142aw. Klaudyna focuses on exploring the form, as well as fun and play with the shape, often making unique products that go beyond conventional and usual designs. Some of the products are conceptual art. Thanks to constant curiosity and being faithful to her own creative language, Klaudyna weaves new stories into the objects she makes. Colour is also a big part of designers life, Klaudyna uses color instinctively placing it next to each other and looking for relationship between it. When she arranges colour, she works with strong contrasting colours and sometimes subtle touches.<\/span><\/p>\n<p>&nbsp;<\/p>\n<p><span style=\"font-family: helvetica, arial, sans-serif; font-size: 12pt;\">Studio<\/span><\/p>\n<p><span style=\"font-family: helvetica, arial, sans-serif; font-size: 12pt;\">In the Studio Klaudyna designs and produces products from porcelain. Everything is made in her workshop. Created designs are everyday objects that combine aesthetic form and high-quality material.<\/span><\/p>\n<p><span style=\"font-family: helvetica, arial, sans-serif; font-size: 12pt;\">In the Studio the products are created from constant exploration of nature, from movement that is spontaneous and uncoordinated to rhythmic motion. Some products have symbolic value. The designer is interested in the viewer&#8217;s engagement, drawing them into the state of reflection, discovering the result. She is also interested in the subject of interpersonal relationships, people&#8217;s relationships with the world, and their emotions.<\/span><\/p>\n<p><span style=\"font-family: helvetica, arial, sans-serif; font-size: 12pt;\">&#8212;&#8212;&#8212;&#8212;&#8212;&#8212;&#8212;&#8212;&#8212;&#8212;&#8212;&#8212;<\/span><\/p>\n<p><span style=\"font-family: helvetica, arial, sans-serif; font-size: 12pt;\"><span style=\"color: #000000;\"><span lang=\"pl-PL\">In 2025, for project &#8216;Remember&#8217;, Klaudyna received a <\/span><\/span><em><span style=\"color: #111111;\">Honourable Mention<\/span><\/em> <span style=\"color: #000000;\"><span lang=\"pl-PL\">in \u015al\u0105ska Rzecz competition, Zamek Cieszyn; and also made it to the Finals of Dobry Wz\u00f3r competition, Institute of Industrial Design in Warsaw.<\/span><\/span><\/span><\/p>\n<p>&nbsp;<\/p>\n<p lang=\"pl-PL\"><em><strong><span style=\"font-family: helvetica, arial, sans-serif; font-size: 12pt;\">Publication<\/span><\/strong><\/em><\/p>\n<p lang=\"pl-PL\"><span style=\"font-family: helvetica, arial, sans-serif; font-size: 12pt;\">Wybory Osobiste. Vogue Living Poland 2026<\/span><\/p>\n<p>&nbsp;<\/p>\n<p><span style=\"font-family: helvetica, arial, sans-serif; font-size: 12pt;\"><strong>Awards and Exhibitions<\/strong><\/span><\/p>\n<p><span style=\"font-family: helvetica, arial, sans-serif; font-size: 12pt;\">Dish Collection .Remember., Finals in category &#8211; Design Development and Promotion, Dobry Wz\u00f3r 2025, The Institute of Industrial Design, Warsaw, 5 November 2025<\/span><\/p>\n<p><span style=\"font-family: helvetica, arial, sans-serif; font-size: 12pt;\">Dish Collection .Remember., Honourable Mention in category &#8211; Service, \u015al\u0105ska Rzecz 2024, Cieszyn Castle, Cieszyn, 26 June &#8211; 14 September 2025<\/span><\/p>\n<p>&nbsp;<\/p>\n<p><span style=\"font-family: helvetica, arial, sans-serif; font-size: 12pt;\"><strong>Design Festivals<\/strong><\/span><\/p>\n<p><span style=\"font-family: helvetica, arial, sans-serif; font-size: 12pt;\">.LOOP. Hangers, 3daysofdesign, Design Festival, Copenhagen, 18-20 June 2025<\/span><\/p>\n<p>&nbsp;<\/p>\n<p><span style=\"font-family: helvetica, arial, sans-serif; font-size: 12pt;\"><strong>Design Fairs<\/strong><\/span><\/p>\n<p><span style=\"font-family: helvetica, arial, sans-serif; font-size: 12pt;\">All Products, \u2018Hurty &amp; Detale&#8217; Design Fair, Design Institute, Kielce, 7 &#8211; 8 December 2024<\/span><\/p>\n<p><span style=\"font-family: helvetica, arial, sans-serif; font-size: 12pt;\">All Products, &#8216;Targi Rzeczy \u0141adnych&#8217;, International Design Fair, Pozna\u0144, 19-20 October 2024<\/span><\/p>\n<p>&nbsp;<\/p>\n<h1 style=\"text-align: center;\"><span style=\"font-size: 24pt;\">Product Examples<\/span><\/h1>\n<p>&nbsp;<\/p>\n<p style=\"text-align: center;\"><div class=\"woocommerce columns-4 \"><ul class=\"products columns-4\">\n<li class=\"product type-product post-572 status-publish first instock product_cat-candle-holder has-post-thumbnail shipping-taxable purchasable product-type-variable\">\n\t<a href=\"https:\/\/www.klaudynamarciniak.com\/en\/produkt\/swiecznik-stack\/\" class=\"woocommerce-LoopProduct-link woocommerce-loop-product__link\"><img fetchpriority=\"high\" decoding=\"async\" width=\"300\" height=\"225\" src=\"https:\/\/www.klaudynamarciniak.com\/wp-content\/uploads\/2025\/11\/205-300x225.jpg\" class=\"attachment-woocommerce_thumbnail size-woocommerce_thumbnail\" alt=\"Candle Holder .STACK.\" srcset=\"https:\/\/www.klaudynamarciniak.com\/wp-content\/uploads\/2025\/11\/205-300x226.jpg 300w, https:\/\/www.klaudynamarciniak.com\/wp-content\/uploads\/2025\/11\/205-600x452.jpg 600w, https:\/\/www.klaudynamarciniak.com\/wp-content\/uploads\/2025\/11\/205-1024x772.jpg 1024w, https:\/\/www.klaudynamarciniak.com\/wp-content\/uploads\/2025\/11\/205-768x579.jpg 768w, https:\/\/www.klaudynamarciniak.com\/wp-content\/uploads\/2025\/11\/205-1536x1157.jpg 1536w, https:\/\/www.klaudynamarciniak.com\/wp-content\/uploads\/2025\/11\/205.jpg 2048w\" sizes=\"(max-width: 300px) 100vw, 300px\" \/><h2 class=\"woocommerce-loop-product__title\">Candle Holder .STACK.<\/h2>\n\t<span class=\"price\"><span class=\"woocommerce-Price-amount amount\"><bdi>410,00&nbsp;<span class=\"woocommerce-Price-currencySymbol\">&#122;&#322;<\/span><\/bdi><\/span><\/span>\n<\/a><a href=\"https:\/\/www.klaudynamarciniak.com\/en\/produkt\/swiecznik-stack\/\" aria-describedby=\"woocommerce_loop_add_to_cart_link_describedby_572\" data-quantity=\"1\" class=\"button product_type_variable add_to_cart_button\" data-product_id=\"572\" data-product_sku=\"001\" aria-label=\"Select options for &ldquo;Candle Holder .STACK.&rdquo;\" rel=\"nofollow\">add to cart<\/a>\t<span id=\"woocommerce_loop_add_to_cart_link_describedby_572\" class=\"screen-reader-text\">\n\t\tThis product has multiple variants. The options may be chosen on the product page\t<\/span>\n<\/li>\n<li class=\"product type-product post-666 status-publish instock product_cat-spice-jar has-post-thumbnail shipping-taxable purchasable product-type-variable\">\n\t<a href=\"https:\/\/www.klaudynamarciniak.com\/en\/produkt\/spice-jar-fold\/\" class=\"woocommerce-LoopProduct-link woocommerce-loop-product__link\"><img decoding=\"async\" width=\"300\" height=\"225\" src=\"https:\/\/www.klaudynamarciniak.com\/wp-content\/uploads\/2025\/11\/156-300x225.jpg\" class=\"attachment-woocommerce_thumbnail size-woocommerce_thumbnail\" alt=\"Spice Jar .FOLD.\" srcset=\"https:\/\/www.klaudynamarciniak.com\/wp-content\/uploads\/2025\/11\/156-300x225.jpg 300w, https:\/\/www.klaudynamarciniak.com\/wp-content\/uploads\/2025\/11\/156-600x451.jpg 600w, https:\/\/www.klaudynamarciniak.com\/wp-content\/uploads\/2025\/11\/156-1024x769.jpg 1024w, https:\/\/www.klaudynamarciniak.com\/wp-content\/uploads\/2025\/11\/156-768x577.jpg 768w, https:\/\/www.klaudynamarciniak.com\/wp-content\/uploads\/2025\/11\/156-1536x1154.jpg 1536w, https:\/\/www.klaudynamarciniak.com\/wp-content\/uploads\/2025\/11\/156.jpg 2048w\" sizes=\"(max-width: 300px) 100vw, 300px\" \/><h2 class=\"woocommerce-loop-product__title\">Spice Jar .FOLD.<\/h2>\n\t<span class=\"price\"><span class=\"woocommerce-Price-amount amount\"><bdi>120,00&nbsp;<span class=\"woocommerce-Price-currencySymbol\">&#122;&#322;<\/span><\/bdi><\/span><\/span>\n<\/a><a href=\"https:\/\/www.klaudynamarciniak.com\/en\/produkt\/spice-jar-fold\/\" aria-describedby=\"woocommerce_loop_add_to_cart_link_describedby_666\" data-quantity=\"1\" class=\"button product_type_variable add_to_cart_button\" data-product_id=\"666\" data-product_sku=\"009\" aria-label=\"Select options for &ldquo;Spice Jar .FOLD.&rdquo;\" rel=\"nofollow\">add to cart<\/a>\t<span id=\"woocommerce_loop_add_to_cart_link_describedby_666\" class=\"screen-reader-text\">\n\t\tThis product has multiple variants. The options may be chosen on the product page\t<\/span>\n<\/li>\n<li class=\"product type-product post-618 status-publish instock product_cat-cup-saucer has-post-thumbnail shipping-taxable purchasable product-type-variable\">\n\t<a href=\"https:\/\/www.klaudynamarciniak.com\/en\/produkt\/filizanka-x2\/\" class=\"woocommerce-LoopProduct-link woocommerce-loop-product__link\"><img decoding=\"async\" width=\"300\" height=\"225\" src=\"https:\/\/www.klaudynamarciniak.com\/wp-content\/uploads\/2025\/11\/316-300x225.jpg\" class=\"attachment-woocommerce_thumbnail size-woocommerce_thumbnail\" alt=\"Cup Saucer .x2. elongated saucer\" srcset=\"https:\/\/www.klaudynamarciniak.com\/wp-content\/uploads\/2025\/11\/316-300x226.jpg 300w, https:\/\/www.klaudynamarciniak.com\/wp-content\/uploads\/2025\/11\/316-600x452.jpg 600w, https:\/\/www.klaudynamarciniak.com\/wp-content\/uploads\/2025\/11\/316-1024x772.jpg 1024w, https:\/\/www.klaudynamarciniak.com\/wp-content\/uploads\/2025\/11\/316-768x579.jpg 768w, https:\/\/www.klaudynamarciniak.com\/wp-content\/uploads\/2025\/11\/316-1536x1157.jpg 1536w, https:\/\/www.klaudynamarciniak.com\/wp-content\/uploads\/2025\/11\/316.jpg 2048w\" sizes=\"(max-width: 300px) 100vw, 300px\" \/><h2 class=\"woocommerce-loop-product__title\">Cup Saucer .x2. elongated saucer<\/h2>\n\t<span class=\"price\"><span class=\"woocommerce-Price-amount amount\"><bdi>170,00&nbsp;<span class=\"woocommerce-Price-currencySymbol\">&#122;&#322;<\/span><\/bdi><\/span><\/span>\n<\/a><a href=\"https:\/\/www.klaudynamarciniak.com\/en\/produkt\/filizanka-x2\/\" aria-describedby=\"woocommerce_loop_add_to_cart_link_describedby_618\" data-quantity=\"1\" class=\"button product_type_variable add_to_cart_button\" data-product_id=\"618\" data-product_sku=\"003A\" aria-label=\"Select options for &ldquo;Cup Saucer .x2. elongated saucer&rdquo;\" rel=\"nofollow\">add to cart<\/a>\t<span id=\"woocommerce_loop_add_to_cart_link_describedby_618\" class=\"screen-reader-text\">\n\t\tThis product has multiple variants. The options may be chosen on the product page\t<\/span>\n<\/li>\n<li class=\"product type-product post-604 status-publish last instock product_cat-hanger has-post-thumbnail shipping-taxable purchasable product-type-variable\">\n\t<a href=\"https:\/\/www.klaudynamarciniak.com\/en\/produkt\/wieszak-loop-romantyczna-duma-minimalistyczny\/\" class=\"woocommerce-LoopProduct-link woocommerce-loop-product__link\"><img loading=\"lazy\" decoding=\"async\" width=\"300\" height=\"225\" src=\"https:\/\/www.klaudynamarciniak.com\/wp-content\/uploads\/2025\/11\/232-300x225.jpg\" class=\"attachment-woocommerce_thumbnail size-woocommerce_thumbnail\" alt=\"Hanger .LOOP - Romantic Pride. Minimalist\" \/><h2 class=\"woocommerce-loop-product__title\">Hanger .LOOP &#8211; Romantic Pride. Minimalist<\/h2>\n\t<span class=\"price\"><span class=\"woocommerce-Price-amount amount\"><bdi>290,00&nbsp;<span class=\"woocommerce-Price-currencySymbol\">&#122;&#322;<\/span><\/bdi><\/span><\/span>\n<\/a><a href=\"https:\/\/www.klaudynamarciniak.com\/en\/produkt\/wieszak-loop-romantyczna-duma-minimalistyczny\/\" aria-describedby=\"woocommerce_loop_add_to_cart_link_describedby_604\" data-quantity=\"1\" class=\"button product_type_variable add_to_cart_button\" data-product_id=\"604\" data-product_sku=\"002B\" aria-label=\"Select options for &ldquo;Hanger .LOOP - Romantic Pride. Minimalist&rdquo;\" rel=\"nofollow\">add to cart<\/a>\t<span id=\"woocommerce_loop_add_to_cart_link_describedby_604\" class=\"screen-reader-text\">\n\t\tThis product has multiple variants. The options may be chosen on the product page\t<\/span>\n<\/li>\n<\/ul>\n<\/div><\/p>\n<p>&nbsp;<\/p>\n","protected":false},"excerpt":{"rendered":"<p>Klaudyna Marciniak, applied arts designer, works mainly in the field of ceramics. She gained her knowledge in Great Britain and Poland. She studied Design and Applied Arts at University of Wolverhampton and also studied as part of the scholarship program at the Academy of Art and Design in Wroc\u0142aw. Klaudyna focuses on exploring the form, [&hellip;]<\/p>\n","protected":false},"author":1,"featured_media":0,"parent":0,"menu_order":0,"comment_status":"closed","ping_status":"closed","template":"","meta":{"_acf_changed":false,"footnotes":""},"class_list":["post-491","page","type-page","status-publish","hentry"],"acf":[],"yoast_head":"<!-- This site is optimized with the Yoast SEO plugin v26.4 - https:\/\/yoast.com\/wordpress\/plugins\/seo\/ -->\n<title>Klaudyna Marciniak<\/title>\n<meta name=\"robots\" content=\"index, follow, max-snippet:-1, max-image-preview:large, max-video-preview:-1\" \/>\n<link rel=\"canonical\" href=\"https:\/\/www.klaudynamarciniak.com\/en\/\" \/>\n<meta property=\"og:locale\" content=\"en_US\" \/>\n<meta property=\"og:type\" content=\"article\" \/>\n<meta property=\"og:title\" content=\"Klaudyna Marciniak\" \/>\n<meta property=\"og:description\" content=\"Klaudyna Marciniak, applied arts designer, works mainly in the field of ceramics. She gained her knowledge in Great Britain and Poland. She studied Design and Applied Arts at University of Wolverhampton and also studied as part of the scholarship program at the Academy of Art and Design in Wroc\u0142aw. Klaudyna focuses on exploring the form, [&hellip;]\" \/>\n<meta property=\"og:url\" content=\"https:\/\/www.klaudynamarciniak.com\/en\/\" \/>\n<meta property=\"og:site_name\" content=\"Klaudyna Marciniak\" \/>\n<meta property=\"article:modified_time\" content=\"2026-03-16T11:05:39+00:00\" \/>\n<meta name=\"twitter:card\" content=\"summary_large_image\" \/>\n<meta name=\"twitter:label1\" content=\"Est. reading time\" \/>\n\t<meta name=\"twitter:data1\" content=\"3 minutes\" \/>\n<script type=\"application\/ld+json\" class=\"yoast-schema-graph\">{\"@context\":\"https:\/\/schema.org\",\"@graph\":[{\"@type\":\"WebPage\",\"@id\":\"https:\/\/www.klaudynamarciniak.com\/en\/\",\"url\":\"https:\/\/www.klaudynamarciniak.com\/en\/\",\"name\":\"Klaudyna Marciniak\",\"isPartOf\":{\"@id\":\"https:\/\/www.klaudynamarciniak.com\/#website\"},\"datePublished\":\"2025-10-20T13:29:56+00:00\",\"dateModified\":\"2026-03-16T11:05:39+00:00\",\"breadcrumb\":{\"@id\":\"https:\/\/www.klaudynamarciniak.com\/en\/#breadcrumb\"},\"inLanguage\":\"en-US\",\"potentialAction\":[{\"@type\":\"ReadAction\",\"target\":[\"https:\/\/www.klaudynamarciniak.com\/en\/\"]}]},{\"@type\":\"BreadcrumbList\",\"@id\":\"https:\/\/www.klaudynamarciniak.com\/en\/#breadcrumb\",\"itemListElement\":[{\"@type\":\"ListItem\",\"position\":1,\"name\":\"Strona g\u0142\u00f3wna\",\"item\":\"https:\/\/www.klaudynamarciniak.com\/en\/\"},{\"@type\":\"ListItem\",\"position\":2,\"name\":\"About\"}]},{\"@type\":\"WebSite\",\"@id\":\"https:\/\/www.klaudynamarciniak.com\/#website\",\"url\":\"https:\/\/www.klaudynamarciniak.com\/\",\"name\":\"Klaudyna Marciniak\",\"description\":\"\",\"publisher\":{\"@id\":\"https:\/\/www.klaudynamarciniak.com\/#organization\"},\"potentialAction\":[{\"@type\":\"SearchAction\",\"target\":{\"@type\":\"EntryPoint\",\"urlTemplate\":\"https:\/\/www.klaudynamarciniak.com\/?s={search_term_string}\"},\"query-input\":{\"@type\":\"PropertyValueSpecification\",\"valueRequired\":true,\"valueName\":\"search_term_string\"}}],\"inLanguage\":\"en-US\"},{\"@type\":\"Organization\",\"@id\":\"https:\/\/www.klaudynamarciniak.com\/#organization\",\"name\":\"Klaudyna Marciniak\",\"url\":\"https:\/\/www.klaudynamarciniak.com\/\",\"logo\":{\"@type\":\"ImageObject\",\"inLanguage\":\"en-US\",\"@id\":\"https:\/\/www.klaudynamarciniak.com\/#\/schema\/logo\/image\/\",\"url\":\"https:\/\/www.klaudynamarciniak.com\/wp-content\/uploads\/2025\/12\/login-logo.png\",\"contentUrl\":\"https:\/\/www.klaudynamarciniak.com\/wp-content\/uploads\/2025\/12\/login-logo.png\",\"width\":950,\"height\":242,\"caption\":\"Klaudyna Marciniak\"},\"image\":{\"@id\":\"https:\/\/www.klaudynamarciniak.com\/#\/schema\/logo\/image\/\"}}]}<\/script>\n<!-- \/ Yoast SEO plugin. -->","yoast_head_json":{"title":"Klaudyna Marciniak","robots":{"index":"index","follow":"follow","max-snippet":"max-snippet:-1","max-image-preview":"max-image-preview:large","max-video-preview":"max-video-preview:-1"},"canonical":"https:\/\/www.klaudynamarciniak.com\/en\/","og_locale":"en_US","og_type":"article","og_title":"Klaudyna Marciniak","og_description":"Klaudyna Marciniak, applied arts designer, works mainly in the field of ceramics. She gained her knowledge in Great Britain and Poland. She studied Design and Applied Arts at University of Wolverhampton and also studied as part of the scholarship program at the Academy of Art and Design in Wroc\u0142aw. Klaudyna focuses on exploring the form, [&hellip;]","og_url":"https:\/\/www.klaudynamarciniak.com\/en\/","og_site_name":"Klaudyna Marciniak","article_modified_time":"2026-03-16T11:05:39+00:00","twitter_card":"summary_large_image","twitter_misc":{"Est. reading time":"3 minutes"},"schema":{"@context":"https:\/\/schema.org","@graph":[{"@type":"WebPage","@id":"https:\/\/www.klaudynamarciniak.com\/en\/","url":"https:\/\/www.klaudynamarciniak.com\/en\/","name":"Klaudyna Marciniak","isPartOf":{"@id":"https:\/\/www.klaudynamarciniak.com\/#website"},"datePublished":"2025-10-20T13:29:56+00:00","dateModified":"2026-03-16T11:05:39+00:00","breadcrumb":{"@id":"https:\/\/www.klaudynamarciniak.com\/en\/#breadcrumb"},"inLanguage":"en-US","potentialAction":[{"@type":"ReadAction","target":["https:\/\/www.klaudynamarciniak.com\/en\/"]}]},{"@type":"BreadcrumbList","@id":"https:\/\/www.klaudynamarciniak.com\/en\/#breadcrumb","itemListElement":[{"@type":"ListItem","position":1,"name":"Strona g\u0142\u00f3wna","item":"https:\/\/www.klaudynamarciniak.com\/en\/"},{"@type":"ListItem","position":2,"name":"About"}]},{"@type":"WebSite","@id":"https:\/\/www.klaudynamarciniak.com\/#website","url":"https:\/\/www.klaudynamarciniak.com\/","name":"Klaudyna Marciniak","description":"","publisher":{"@id":"https:\/\/www.klaudynamarciniak.com\/#organization"},"potentialAction":[{"@type":"SearchAction","target":{"@type":"EntryPoint","urlTemplate":"https:\/\/www.klaudynamarciniak.com\/?s={search_term_string}"},"query-input":{"@type":"PropertyValueSpecification","valueRequired":true,"valueName":"search_term_string"}}],"inLanguage":"en-US"},{"@type":"Organization","@id":"https:\/\/www.klaudynamarciniak.com\/#organization","name":"Klaudyna Marciniak","url":"https:\/\/www.klaudynamarciniak.com\/","logo":{"@type":"ImageObject","inLanguage":"en-US","@id":"https:\/\/www.klaudynamarciniak.com\/#\/schema\/logo\/image\/","url":"https:\/\/www.klaudynamarciniak.com\/wp-content\/uploads\/2025\/12\/login-logo.png","contentUrl":"https:\/\/www.klaudynamarciniak.com\/wp-content\/uploads\/2025\/12\/login-logo.png","width":950,"height":242,"caption":"Klaudyna Marciniak"},"image":{"@id":"https:\/\/www.klaudynamarciniak.com\/#\/schema\/logo\/image\/"}}]}},"_links":{"self":[{"href":"https:\/\/www.klaudynamarciniak.com\/en\/wp-json\/wp\/v2\/pages\/491","targetHints":{"allow":["GET"]}}],"collection":[{"href":"https:\/\/www.klaudynamarciniak.com\/en\/wp-json\/wp\/v2\/pages"}],"about":[{"href":"https:\/\/www.klaudynamarciniak.com\/en\/wp-json\/wp\/v2\/types\/page"}],"author":[{"embeddable":true,"href":"https:\/\/www.klaudynamarciniak.com\/en\/wp-json\/wp\/v2\/users\/1"}],"replies":[{"embeddable":true,"href":"https:\/\/www.klaudynamarciniak.com\/en\/wp-json\/wp\/v2\/comments?post=491"}],"version-history":[{"count":12,"href":"https:\/\/www.klaudynamarciniak.com\/en\/wp-json\/wp\/v2\/pages\/491\/revisions"}],"predecessor-version":[{"id":1209,"href":"https:\/\/www.klaudynamarciniak.com\/en\/wp-json\/wp\/v2\/pages\/491\/revisions\/1209"}],"wp:attachment":[{"href":"https:\/\/www.klaudynamarciniak.com\/en\/wp-json\/wp\/v2\/media?parent=491"}],"curies":[{"name":"wp","href":"https:\/\/api.w.org\/{rel}","templated":true}]}}