{"id":492,"date":"2025-11-04T12:58:23","date_gmt":"2025-11-04T11:58:23","guid":{"rendered":"https:\/\/km.tsted.pl\/?page_id=492"},"modified":"2026-03-16T12:06:27","modified_gmt":"2026-03-16T11:06:27","slug":"about-2","status":"publish","type":"page","link":"https:\/\/www.klaudynamarciniak.com\/en\/about-2\/","title":{"rendered":"About"},"content":{"rendered":"\r\n<p><img fetchpriority=\"high\" decoding=\"async\" class=\"wp-image-948 aligncenter\" src=\"https:\/\/www.klaudynamarciniak.com\/wp-content\/uploads\/2026\/02\/2-Instagram-scaled.jpg\" alt=\"\" width=\"702\" height=\"701\" srcset=\"https:\/\/www.klaudynamarciniak.com\/wp-content\/uploads\/2026\/02\/2-Instagram-scaled.jpg 2560w, https:\/\/www.klaudynamarciniak.com\/wp-content\/uploads\/2026\/02\/2-Instagram-300x300.jpg 300w, https:\/\/www.klaudynamarciniak.com\/wp-content\/uploads\/2026\/02\/2-Instagram-1024x1024.jpg 1024w, https:\/\/www.klaudynamarciniak.com\/wp-content\/uploads\/2026\/02\/2-Instagram-150x150.jpg 150w, https:\/\/www.klaudynamarciniak.com\/wp-content\/uploads\/2026\/02\/2-Instagram-768x767.jpg 768w, https:\/\/www.klaudynamarciniak.com\/wp-content\/uploads\/2026\/02\/2-Instagram-1536x1534.jpg 1536w, https:\/\/www.klaudynamarciniak.com\/wp-content\/uploads\/2026\/02\/2-Instagram-2048x2046.jpg 2048w, https:\/\/www.klaudynamarciniak.com\/wp-content\/uploads\/2026\/02\/2-Instagram-600x599.jpg 600w, https:\/\/www.klaudynamarciniak.com\/wp-content\/uploads\/2026\/02\/2-Instagram-100x100.jpg 100w, https:\/\/www.klaudynamarciniak.com\/wp-content\/uploads\/2026\/02\/2-Instagram-50x50.jpg 50w\" sizes=\"(max-width: 702px) 100vw, 702px\" \/><\/p>\r\n<p>&nbsp;<\/p>\r\n<p><span style=\"font-family: helvetica, arial, sans-serif; font-size: 12pt;\">Klaudyna Marciniak, applied arts designer, works mainly in the field of ceramics. She gained her knowledge in Great Britain and Poland. She studied Design and Applied Arts at University of Wolverhampton and also studied as part of the scholarship program at the Academy of Art and Design in Wroc\u0142aw. Klaudyna focuses on exploring the form, as well as fun and play with the shape, often making unique products that go beyond conventional and usual designs. Some of the products are conceptual art. Thanks to constant curiosity and being faithful to her own creative language, Klaudyna weaves new stories into the objects she makes. Colour is also a big part of designers life, Klaudyna uses color instinctively placing it next to each other and looking for relationship between it. When she arranges colour, she works with strong contrasting colours and sometimes subtle touches. \u00a0<\/span><\/p>\r\n<p>&nbsp;<\/p>\r\n<p><span style=\"font-family: helvetica, arial, sans-serif; font-size: 12pt;\">Studio<\/span><\/p>\r\n<p><span style=\"font-family: helvetica, arial, sans-serif; font-size: 12pt;\">In the Studio Klaudyna designs and produces products from porcelain. Everything is made in her workshop. Created designs are everyday objects that combine aesthetic form and high-quality material.<\/span><\/p>\r\n<p><span style=\"font-family: helvetica, arial, sans-serif; font-size: 12pt;\">In the Studio the products are created from constant exploration of nature, from movement that is spontaneous and uncoordinated to rhythmic motion. Some products have symbolic value. The designer is interested in the viewer&#8217;s engagement, drawing them into the state of reflection, discovering the result. She is also interested in the subject of interpersonal relationships, people&#8217;s relationships with the world, and their emotions.<\/span><\/p>\r\n<p><span style=\"font-family: helvetica, arial, sans-serif; font-size: 12pt;\">&#8212;&#8212;&#8212;&#8212;&#8212;&#8212;&#8212;&#8212;&#8212;&#8212;- \u00a0<\/span><\/p>\r\n<p><span style=\"font-family: helvetica, arial, sans-serif; font-size: 12pt;\"><span style=\"color: #000000;\"><span lang=\"pl-PL\">In 2025, for project &#8216;Remember&#8217;, Klaudyna received a <\/span><\/span><em><span style=\"color: #111111;\">Honourable Mention<\/span><\/em> <span style=\"color: #000000;\"><span lang=\"pl-PL\">in \u015al\u0105ska Rzecz competition, Zamek Cieszyn; and also made it to the Finals of Dobry Wz\u00f3r competition, Institute of Industrial Design in Warsaw.<\/span><\/span><\/span><\/p>\r\n<p>&nbsp;<\/p>\r\n<p lang=\"pl-PL\"><em><strong><span style=\"font-family: helvetica, arial, sans-serif; font-size: 12pt;\">Publication<\/span><\/strong><\/em><\/p>\r\n<p lang=\"pl-PL\"><span style=\"font-family: helvetica, arial, sans-serif; font-size: 12pt;\">Wybory Osobiste. Vogue Living Poland 2026<\/span><\/p>\r\n<p>&nbsp;<\/p>\r\n<p><span style=\"font-family: helvetica, arial, sans-serif; font-size: 12pt;\"><strong>Awards and Exhibitions<\/strong><\/span><\/p>\r\n<p><span style=\"font-family: helvetica, arial, sans-serif; font-size: 12pt;\">Dish Collection .Remember., Finals in category &#8211; Design Development and Promotion, Dobry Wz\u00f3r 2025, The Institute of Industrial Design, Warsaw, 5 November 2025<\/span><\/p>\r\n<p><span style=\"font-family: helvetica, arial, sans-serif; font-size: 12pt;\">Dish Collection .Remember., Honourable Mention in category &#8211; Service, \u015al\u0105ska Rzecz 2024, Cieszyn Castle, Cieszyn, 26 June &#8211; 14 September 2025 \u00a0<\/span><\/p>\r\n<p>&nbsp;<\/p>\r\n<p><span style=\"font-family: helvetica, arial, sans-serif; font-size: 12pt;\"><strong>Design Festivals<\/strong><\/span><\/p>\r\n<p><span style=\"font-family: helvetica, arial, sans-serif; font-size: 12pt;\">.LOOP. Hangers, 3daysofdesign, Design Festival, Copenhagen, 18-20 June 2025 \u00a0<\/span><\/p>\r\n<p>&nbsp;<\/p>\r\n<p><span style=\"font-family: helvetica, arial, sans-serif; font-size: 12pt;\"><strong>Design Fairs<\/strong><\/span><\/p>\r\n<p><span style=\"font-family: helvetica, arial, sans-serif; font-size: 12pt;\">All Products, \u2018Hurty &amp; Detale&#8217; Design Fair, Design Institute, Kielce, 7 &#8211; 8 December 2024<\/span><\/p>\r\n<p><span style=\"font-family: helvetica, arial, sans-serif; font-size: 12pt;\">All Products, &#8216;Targi Rzeczy \u0141adnych&#8217;, International Design Fair, Pozna\u0144, 19-20 October 2024 \u00a0 \u00a0<\/span><\/p>\r\n<p>&nbsp;<\/p>\r\n\r\n\r\n\r\n<figure class=\"wp-block-gallery has-nested-images columns-default is-cropped wp-block-gallery-1 is-layout-flex wp-block-gallery-is-layout-flex\"><\/figure>\r\n","protected":false},"excerpt":{"rendered":"<p>&nbsp; Klaudyna Marciniak, applied arts designer, works mainly in the field of ceramics. She gained her knowledge in Great Britain and Poland. She studied Design and Applied Arts at University of Wolverhampton and also studied as part of the scholarship program at the Academy of Art and Design in Wroc\u0142aw. Klaudyna focuses on exploring the [&hellip;]<\/p>\n","protected":false},"author":1,"featured_media":0,"parent":0,"menu_order":0,"comment_status":"closed","ping_status":"closed","template":"","meta":{"_acf_changed":false,"footnotes":""},"class_list":["post-492","page","type-page","status-publish","hentry"],"acf":[],"yoast_head":"<!-- This site is optimized with the Yoast SEO plugin v26.4 - https:\/\/yoast.com\/wordpress\/plugins\/seo\/ -->\n<title>About - Klaudyna Marciniak<\/title>\n<meta name=\"robots\" content=\"index, follow, max-snippet:-1, max-image-preview:large, max-video-preview:-1\" \/>\n<link rel=\"canonical\" href=\"https:\/\/www.klaudynamarciniak.com\/en\/about-2\/\" \/>\n<meta property=\"og:locale\" content=\"en_US\" \/>\n<meta property=\"og:type\" content=\"article\" \/>\n<meta property=\"og:title\" content=\"About - Klaudyna Marciniak\" \/>\n<meta property=\"og:description\" content=\"&nbsp; Klaudyna Marciniak, applied arts designer, works mainly in the field of ceramics. She gained her knowledge in Great Britain and Poland. She studied Design and Applied Arts at University of Wolverhampton and also studied as part of the scholarship program at the Academy of Art and Design in Wroc\u0142aw. Klaudyna focuses on exploring the [&hellip;]\" \/>\n<meta property=\"og:url\" content=\"https:\/\/www.klaudynamarciniak.com\/en\/about-2\/\" \/>\n<meta property=\"og:site_name\" content=\"Klaudyna Marciniak\" \/>\n<meta property=\"article:modified_time\" content=\"2026-03-16T11:06:27+00:00\" \/>\n<meta property=\"og:image\" content=\"https:\/\/www.klaudynamarciniak.com\/wp-content\/uploads\/2026\/02\/2-Instagram-scaled.jpg\" \/>\n\t<meta property=\"og:image:width\" content=\"2560\" \/>\n\t<meta property=\"og:image:height\" content=\"2557\" \/>\n\t<meta property=\"og:image:type\" content=\"image\/jpeg\" \/>\n<meta name=\"twitter:card\" content=\"summary_large_image\" \/>\n<meta name=\"twitter:label1\" content=\"Est. reading time\" \/>\n\t<meta name=\"twitter:data1\" content=\"3 minutes\" \/>\n<script type=\"application\/ld+json\" class=\"yoast-schema-graph\">{\"@context\":\"https:\/\/schema.org\",\"@graph\":[{\"@type\":\"WebPage\",\"@id\":\"https:\/\/www.klaudynamarciniak.com\/en\/about-2\/\",\"url\":\"https:\/\/www.klaudynamarciniak.com\/en\/about-2\/\",\"name\":\"About - Klaudyna Marciniak\",\"isPartOf\":{\"@id\":\"https:\/\/www.klaudynamarciniak.com\/#website\"},\"primaryImageOfPage\":{\"@id\":\"https:\/\/www.klaudynamarciniak.com\/en\/about-2\/#primaryimage\"},\"image\":{\"@id\":\"https:\/\/www.klaudynamarciniak.com\/en\/about-2\/#primaryimage\"},\"thumbnailUrl\":\"https:\/\/www.klaudynamarciniak.com\/wp-content\/uploads\/2026\/02\/2-Instagram-scaled.jpg\",\"datePublished\":\"2025-11-04T11:58:23+00:00\",\"dateModified\":\"2026-03-16T11:06:27+00:00\",\"breadcrumb\":{\"@id\":\"https:\/\/www.klaudynamarciniak.com\/en\/about-2\/#breadcrumb\"},\"inLanguage\":\"en-US\",\"potentialAction\":[{\"@type\":\"ReadAction\",\"target\":[\"https:\/\/www.klaudynamarciniak.com\/en\/about-2\/\"]}]},{\"@type\":\"ImageObject\",\"inLanguage\":\"en-US\",\"@id\":\"https:\/\/www.klaudynamarciniak.com\/en\/about-2\/#primaryimage\",\"url\":\"https:\/\/www.klaudynamarciniak.com\/wp-content\/uploads\/2026\/02\/2-Instagram-scaled.jpg\",\"contentUrl\":\"https:\/\/www.klaudynamarciniak.com\/wp-content\/uploads\/2026\/02\/2-Instagram-scaled.jpg\"},{\"@type\":\"BreadcrumbList\",\"@id\":\"https:\/\/www.klaudynamarciniak.com\/en\/about-2\/#breadcrumb\",\"itemListElement\":[{\"@type\":\"ListItem\",\"position\":1,\"name\":\"Strona g\u0142\u00f3wna\",\"item\":\"https:\/\/www.klaudynamarciniak.com\/en\/\"},{\"@type\":\"ListItem\",\"position\":2,\"name\":\"About\"}]},{\"@type\":\"WebSite\",\"@id\":\"https:\/\/www.klaudynamarciniak.com\/#website\",\"url\":\"https:\/\/www.klaudynamarciniak.com\/\",\"name\":\"Klaudyna Marciniak\",\"description\":\"\",\"publisher\":{\"@id\":\"https:\/\/www.klaudynamarciniak.com\/#organization\"},\"potentialAction\":[{\"@type\":\"SearchAction\",\"target\":{\"@type\":\"EntryPoint\",\"urlTemplate\":\"https:\/\/www.klaudynamarciniak.com\/?s={search_term_string}\"},\"query-input\":{\"@type\":\"PropertyValueSpecification\",\"valueRequired\":true,\"valueName\":\"search_term_string\"}}],\"inLanguage\":\"en-US\"},{\"@type\":\"Organization\",\"@id\":\"https:\/\/www.klaudynamarciniak.com\/#organization\",\"name\":\"Klaudyna Marciniak\",\"url\":\"https:\/\/www.klaudynamarciniak.com\/\",\"logo\":{\"@type\":\"ImageObject\",\"inLanguage\":\"en-US\",\"@id\":\"https:\/\/www.klaudynamarciniak.com\/#\/schema\/logo\/image\/\",\"url\":\"https:\/\/www.klaudynamarciniak.com\/wp-content\/uploads\/2025\/12\/login-logo.png\",\"contentUrl\":\"https:\/\/www.klaudynamarciniak.com\/wp-content\/uploads\/2025\/12\/login-logo.png\",\"width\":950,\"height\":242,\"caption\":\"Klaudyna Marciniak\"},\"image\":{\"@id\":\"https:\/\/www.klaudynamarciniak.com\/#\/schema\/logo\/image\/\"}}]}<\/script>\n<!-- \/ Yoast SEO plugin. -->","yoast_head_json":{"title":"About - Klaudyna Marciniak","robots":{"index":"index","follow":"follow","max-snippet":"max-snippet:-1","max-image-preview":"max-image-preview:large","max-video-preview":"max-video-preview:-1"},"canonical":"https:\/\/www.klaudynamarciniak.com\/en\/about-2\/","og_locale":"en_US","og_type":"article","og_title":"About - Klaudyna Marciniak","og_description":"&nbsp; Klaudyna Marciniak, applied arts designer, works mainly in the field of ceramics. She gained her knowledge in Great Britain and Poland. She studied Design and Applied Arts at University of Wolverhampton and also studied as part of the scholarship program at the Academy of Art and Design in Wroc\u0142aw. Klaudyna focuses on exploring the [&hellip;]","og_url":"https:\/\/www.klaudynamarciniak.com\/en\/about-2\/","og_site_name":"Klaudyna Marciniak","article_modified_time":"2026-03-16T11:06:27+00:00","og_image":[{"width":2560,"height":2557,"url":"https:\/\/www.klaudynamarciniak.com\/wp-content\/uploads\/2026\/02\/2-Instagram-scaled.jpg","type":"image\/jpeg"}],"twitter_card":"summary_large_image","twitter_misc":{"Est. reading time":"3 minutes"},"schema":{"@context":"https:\/\/schema.org","@graph":[{"@type":"WebPage","@id":"https:\/\/www.klaudynamarciniak.com\/en\/about-2\/","url":"https:\/\/www.klaudynamarciniak.com\/en\/about-2\/","name":"About - Klaudyna Marciniak","isPartOf":{"@id":"https:\/\/www.klaudynamarciniak.com\/#website"},"primaryImageOfPage":{"@id":"https:\/\/www.klaudynamarciniak.com\/en\/about-2\/#primaryimage"},"image":{"@id":"https:\/\/www.klaudynamarciniak.com\/en\/about-2\/#primaryimage"},"thumbnailUrl":"https:\/\/www.klaudynamarciniak.com\/wp-content\/uploads\/2026\/02\/2-Instagram-scaled.jpg","datePublished":"2025-11-04T11:58:23+00:00","dateModified":"2026-03-16T11:06:27+00:00","breadcrumb":{"@id":"https:\/\/www.klaudynamarciniak.com\/en\/about-2\/#breadcrumb"},"inLanguage":"en-US","potentialAction":[{"@type":"ReadAction","target":["https:\/\/www.klaudynamarciniak.com\/en\/about-2\/"]}]},{"@type":"ImageObject","inLanguage":"en-US","@id":"https:\/\/www.klaudynamarciniak.com\/en\/about-2\/#primaryimage","url":"https:\/\/www.klaudynamarciniak.com\/wp-content\/uploads\/2026\/02\/2-Instagram-scaled.jpg","contentUrl":"https:\/\/www.klaudynamarciniak.com\/wp-content\/uploads\/2026\/02\/2-Instagram-scaled.jpg"},{"@type":"BreadcrumbList","@id":"https:\/\/www.klaudynamarciniak.com\/en\/about-2\/#breadcrumb","itemListElement":[{"@type":"ListItem","position":1,"name":"Strona g\u0142\u00f3wna","item":"https:\/\/www.klaudynamarciniak.com\/en\/"},{"@type":"ListItem","position":2,"name":"About"}]},{"@type":"WebSite","@id":"https:\/\/www.klaudynamarciniak.com\/#website","url":"https:\/\/www.klaudynamarciniak.com\/","name":"Klaudyna Marciniak","description":"","publisher":{"@id":"https:\/\/www.klaudynamarciniak.com\/#organization"},"potentialAction":[{"@type":"SearchAction","target":{"@type":"EntryPoint","urlTemplate":"https:\/\/www.klaudynamarciniak.com\/?s={search_term_string}"},"query-input":{"@type":"PropertyValueSpecification","valueRequired":true,"valueName":"search_term_string"}}],"inLanguage":"en-US"},{"@type":"Organization","@id":"https:\/\/www.klaudynamarciniak.com\/#organization","name":"Klaudyna Marciniak","url":"https:\/\/www.klaudynamarciniak.com\/","logo":{"@type":"ImageObject","inLanguage":"en-US","@id":"https:\/\/www.klaudynamarciniak.com\/#\/schema\/logo\/image\/","url":"https:\/\/www.klaudynamarciniak.com\/wp-content\/uploads\/2025\/12\/login-logo.png","contentUrl":"https:\/\/www.klaudynamarciniak.com\/wp-content\/uploads\/2025\/12\/login-logo.png","width":950,"height":242,"caption":"Klaudyna Marciniak"},"image":{"@id":"https:\/\/www.klaudynamarciniak.com\/#\/schema\/logo\/image\/"}}]}},"_links":{"self":[{"href":"https:\/\/www.klaudynamarciniak.com\/en\/wp-json\/wp\/v2\/pages\/492","targetHints":{"allow":["GET"]}}],"collection":[{"href":"https:\/\/www.klaudynamarciniak.com\/en\/wp-json\/wp\/v2\/pages"}],"about":[{"href":"https:\/\/www.klaudynamarciniak.com\/en\/wp-json\/wp\/v2\/types\/page"}],"author":[{"embeddable":true,"href":"https:\/\/www.klaudynamarciniak.com\/en\/wp-json\/wp\/v2\/users\/1"}],"replies":[{"embeddable":true,"href":"https:\/\/www.klaudynamarciniak.com\/en\/wp-json\/wp\/v2\/comments?post=492"}],"version-history":[{"count":16,"href":"https:\/\/www.klaudynamarciniak.com\/en\/wp-json\/wp\/v2\/pages\/492\/revisions"}],"predecessor-version":[{"id":1210,"href":"https:\/\/www.klaudynamarciniak.com\/en\/wp-json\/wp\/v2\/pages\/492\/revisions\/1210"}],"wp:attachment":[{"href":"https:\/\/www.klaudynamarciniak.com\/en\/wp-json\/wp\/v2\/media?parent=492"}],"curies":[{"name":"wp","href":"https:\/\/api.w.org\/{rel}","templated":true}]}}