{"id":495,"date":"2025-10-20T15:29:56","date_gmt":"2025-10-20T13:29:56","guid":{"rendered":"https:\/\/km.tsted.pl\/polityka-prywatnosci\/"},"modified":"2025-10-20T15:29:56","modified_gmt":"2025-10-20T13:29:56","slug":"polityka-prywatnosci","status":"publish","type":"page","link":"https:\/\/www.klaudynamarciniak.com\/en\/polityka-prywatnosci\/","title":{"rendered":"Polityka prywatno\u015bci"},"content":{"rendered":"<div class=\"centercol s-grid-9\">\n<div id=\"infopage11\" class=\"box box_infopage\">\n<div class=\"innerbox\">\n<div class=\"resetcss fr-view\">\n<div class=\"innerbox\">\n<div class=\"resetcss\">\n<ol>\n<li>Sklep nie zbiera w spos\u00f3b automatyczny \u017cadnych informacji, z wyj\u0105tkiem informacji zawartych w plikach cookies.<\/li>\n<li>Pliki cookies (tak zwane \u201eciasteczka\u201d) stanowi\u0105 dane informatyczne, w szczeg\u00f3lno\u015bci pliki tekstowe, kt\u00f3re przechowywane s\u0105 w urz\u0105dzeniu ko\u0144cowym U\u017cytkownika Sklepu i przeznaczone s\u0105 do korzystania ze stron internetowych Sklepu. Cookies zazwyczaj zawieraj\u0105 nazw\u0119 strony internetowej, z kt\u00f3rej pochodz\u0105, czas przechowywania ich na urz\u0105dzeniu ko\u0144cowym oraz unikalny numer.<\/li>\n<li>Podmiotem zamieszczaj\u0105cym na urz\u0105dzeniu ko\u0144cowym U\u017cytkownika Sklepu pliki cookies oraz uzyskuj\u0105cym do nich dost\u0119p jest operator Sklepu.<\/li>\n<li>Pliki cookies wykorzystywane s\u0105 w celu:\n<ul>\n<li>dostosowania zawarto\u015bci stron internetowych Sklepu do preferencji U\u017cytkownika oraz optymalizacji korzystania ze stron internetowych; w szczeg\u00f3lno\u015bci pliki te pozwalaj\u0105 rozpozna\u0107 urz\u0105dzenie U\u017cytkownika Sklepu i odpowiednio wy\u015bwietli\u0107 stron\u0119 internetow\u0105, dostosowan\u0105 do jego indywidualnych potrzeb;<\/li>\n<li>tworzenia statystyk, kt\u00f3re pomagaj\u0105 zrozumie\u0107, w jaki spos\u00f3b U\u017cytkownicy Sklepu korzystaj\u0105 ze stron internetowych, co umo\u017cliwia ulepszanie ich struktury i zawarto\u015bci;<\/li>\n<\/ul>\n<\/li>\n<li>W ramach Sklepu stosowane s\u0105 dwa zasadnicze rodzaje plik\u00f3w cookies: \u201esesyjne\u201d (session cookies) oraz \u201esta\u0142e\u201d (persistent cookies). Cookies \u201esesyjne\u201d s\u0105 plikami tymczasowymi, kt\u00f3re przechowywane s\u0105 w urz\u0105dzeniu ko\u0144cowym U\u017cytkownika do czasu opuszczenia strony internetowej lub wy\u0142\u0105czenia oprogramowania (przegl\u0105darki internetowej). \u201eSta\u0142e\u201d pliki cookies przechowywane s\u0105 w urz\u0105dzeniu ko\u0144cowym U\u017cytkownika przez czas okre\u015blony w parametrach plik\u00f3w cookies lub do czasu ich usuni\u0119cia przez U\u017cytkownika.<\/li>\n<li>W ramach Sklepu stosowane s\u0105 nast\u0119puj\u0105ce rodzaje plik\u00f3w cookies:\n<ul>\n<li>\u201eniezb\u0119dne\u201d pliki cookies, umo\u017cliwiaj\u0105ce korzystanie z us\u0142ug dost\u0119pnych w ramach Sklepu, np. uwierzytelniaj\u0105ce pliki cookies wykorzystywane do us\u0142ug wymagaj\u0105cych uwierzytelniania w ramach Sklepu;<\/li>\n<li>pliki cookies s\u0142u\u017c\u0105ce do zapewnienia bezpiecze\u0144stwa, na przyk\u0142ad wykorzystywane do wykrywania nadu\u017cy\u0107 w zakresie uwierzytelniania w ramach Sklepu;<\/li>\n<li>\u201ewydajno\u015bciowe\u201d pliki cookies, umo\u017cliwiaj\u0105ce zbieranie informacji o sposobie korzystania ze stron internetowych Sklepu;<\/li>\n<li>\u201efunkcjonalne\u201d pliki cookies, umo\u017cliwiaj\u0105ce \u201ezapami\u0119tanie\u201d wybranych przez U\u017cytkownika ustawie\u0144 i personalizacj\u0119 interfejsu U\u017cytkownika, np. w zakresie wybranego j\u0119zyka lub regionu, z kt\u00f3rego pochodzi U\u017cytkownik, rozmiaru czcionki, wygl\u0105du strony internetowej itp.;<\/li>\n<li>\u201ereklamowe\u201d pliki cookies, umo\u017cliwiaj\u0105ce dostarczanie U\u017cytkownikom tre\u015bci reklamowych bardziej dostosowanych do ich zainteresowa\u0144.<\/li>\n<\/ul>\n<\/li>\n<li>W wielu przypadkach oprogramowanie s\u0142u\u017c\u0105ce do przegl\u0105dania stron internetowych (przegl\u0105darka internetowa) domy\u015blnie dopuszcza przechowywanie plik\u00f3w cookies w urz\u0105dzeniu ko\u0144cowym U\u017cytkownika. U\u017cytkownicy Sklepu mog\u0105 dokona\u0107 w ka\u017cdym czasie zmiany ustawie\u0144 dotycz\u0105cych plik\u00f3w cookies. Ustawienia te mog\u0105 zosta\u0107 zmienione w szczeg\u00f3lno\u015bci w taki spos\u00f3b, aby blokowa\u0107 automatyczn\u0105 obs\u0142ug\u0119 plik\u00f3w cookies w ustawieniach przegl\u0105darki internetowej b\u0105d\u017a informowa\u0107 o ich ka\u017cdorazowym zamieszczeniu w urz\u0105dzeniu U\u017cytkownika Sklepu. Szczeg\u00f3\u0142owe informacje o mo\u017cliwo\u015bci i sposobach obs\u0142ugi plik\u00f3w cookies dost\u0119pne s\u0105 w ustawieniach oprogramowania (przegl\u0105darki internetowej).<\/li>\n<li>Operator Sklepu informuje, \u017ce ograniczenia stosowania plik\u00f3w cookies mog\u0105 wp\u0142yn\u0105\u0107 na niekt\u00f3re funkcjonalno\u015bci dost\u0119pne na stronach internetowych Sklepu.<\/li>\n<li>Pliki cookies zamieszczane w urz\u0105dzeniu ko\u0144cowym U\u017cytkownika Sklepu i wykorzystywane mog\u0105 by\u0107 r\u00f3wnie\u017c przez wsp\u00f3\u0142pracuj\u0105cych z operatorem Sklepu reklamodawc\u00f3w oraz partner\u00f3w.<\/li>\n<li>Wi\u0119cej informacji na temat plik\u00f3w cookies dost\u0119pnych jest pod adresem www.wszystkoociasteczkach.pl lub w sekcji \u201ePomoc\u201d w menu przegl\u0105darki internetowej.<\/li>\n<\/ol>\n<div class=\"terms-of-service\"><strong>Przetwarzanie danych<\/strong><\/div>\n<div class=\"terms-of-service\"><\/div>\n<ol>\n<li class=\"terms-of-service\">Administratorem baz danych osobowych przekazywanych przez Kupuj\u0105cego jest Studio Klaudyna Marciniak, ul. G\u0142\u00f3wna 2B, 42-270 Garnek. NIP 9492144228, studio@klaudynamarciniak.com.<\/li>\n<li class=\"terms-of-service\">Studio Klaudyna Marciniak\u00a0zobowia\u0328zuje sie\u0328 do ochrony danych osobowych zgodnie z Rozporz\u0105dzeniem o Ochronie Danych Osobowych z dnia 25 maja 2018 roku. Kupuj\u0105cy, podaj\u0105c przy sk\u0142adaniu zam\u00f3wienia swoje dane osobowe Sprzedaja\u0328cemu wyraz\u0307a zgode\u0328 na ich przetwarzanie przez\u00a0Studio Klaudyna Marciniak w celu realizacji z\u0142o\u017conego zam\u00f3wienia. Kupuj\u0105cy ma w ka\u017cdej chwili moz\u0307liwos\u0301c\u0301 wgla\u0328du, poprawiania, aktualizacji oraz usuwania swoich danych osobowych.<\/li>\n<\/ol>\n<div class=\"terms-of-service\"><\/div>\n<div class=\"terms-of-service\"><strong>Podstawa prawna<\/strong><\/div>\n<div class=\"terms-of-service\"><\/div>\n<div class=\"terms-of-service\">Rozporz\u0105dzenie Parlamentu Europejskiego i Rady (UE) 2016\/679 z dnia 27 kwietnia 2016 r. w sprawie ochrony os\u00f3b fizycznych w zwi\u0105zku z przetwarzaniem danych osobowych i w sprawie swobodnego przep\u0142ywu takich danych oraz uchylenia dyrektywy 95\/46\/WE (RODO).<\/div>\n<\/div>\n<\/div>\n<\/div>\n<\/div>\n<\/div>\n<\/div>\n","protected":false},"excerpt":{"rendered":"<p>Sklep nie zbiera w spos\u00f3b automatyczny \u017cadnych informacji, z wyj\u0105tkiem informacji zawartych w plikach cookies. Pliki cookies (tak zwane \u201eciasteczka\u201d) stanowi\u0105 dane informatyczne, w szczeg\u00f3lno\u015bci pliki tekstowe, kt\u00f3re przechowywane s\u0105 w urz\u0105dzeniu ko\u0144cowym U\u017cytkownika Sklepu i przeznaczone s\u0105 do korzystania ze stron internetowych Sklepu. Cookies zazwyczaj zawieraj\u0105 nazw\u0119 strony internetowej, z kt\u00f3rej pochodz\u0105, czas przechowywania [&hellip;]<\/p>\n","protected":false},"author":1,"featured_media":0,"parent":0,"menu_order":0,"comment_status":"closed","ping_status":"open","template":"","meta":{"_acf_changed":false,"footnotes":""},"class_list":["post-495","page","type-page","status-publish","hentry"],"acf":[],"yoast_head":"<!-- This site is optimized with the Yoast SEO plugin v26.4 - https:\/\/yoast.com\/wordpress\/plugins\/seo\/ -->\n<title>Polityka prywatno\u015bci - Klaudyna Marciniak<\/title>\n<meta name=\"robots\" content=\"index, follow, max-snippet:-1, max-image-preview:large, max-video-preview:-1\" \/>\n<link rel=\"canonical\" href=\"https:\/\/www.klaudynamarciniak.com\/en\/polityka-prywatnosci\/\" \/>\n<meta property=\"og:locale\" content=\"en_US\" \/>\n<meta property=\"og:type\" content=\"article\" \/>\n<meta property=\"og:title\" content=\"Polityka prywatno\u015bci - Klaudyna Marciniak\" \/>\n<meta property=\"og:description\" content=\"Sklep nie zbiera w spos\u00f3b automatyczny \u017cadnych informacji, z wyj\u0105tkiem informacji zawartych w plikach cookies. Pliki cookies (tak zwane \u201eciasteczka\u201d) stanowi\u0105 dane informatyczne, w szczeg\u00f3lno\u015bci pliki tekstowe, kt\u00f3re przechowywane s\u0105 w urz\u0105dzeniu ko\u0144cowym U\u017cytkownika Sklepu i przeznaczone s\u0105 do korzystania ze stron internetowych Sklepu. Cookies zazwyczaj zawieraj\u0105 nazw\u0119 strony internetowej, z kt\u00f3rej pochodz\u0105, czas przechowywania [&hellip;]\" \/>\n<meta property=\"og:url\" content=\"https:\/\/www.klaudynamarciniak.com\/en\/polityka-prywatnosci\/\" \/>\n<meta property=\"og:site_name\" content=\"Klaudyna Marciniak\" \/>\n<meta name=\"twitter:card\" content=\"summary_large_image\" \/>\n<meta name=\"twitter:label1\" content=\"Est. reading time\" \/>\n\t<meta name=\"twitter:data1\" content=\"4 minutes\" \/>\n<script type=\"application\/ld+json\" class=\"yoast-schema-graph\">{\"@context\":\"https:\/\/schema.org\",\"@graph\":[{\"@type\":\"WebPage\",\"@id\":\"https:\/\/www.klaudynamarciniak.com\/en\/polityka-prywatnosci\/\",\"url\":\"https:\/\/www.klaudynamarciniak.com\/en\/polityka-prywatnosci\/\",\"name\":\"Polityka prywatno\u015bci - Klaudyna Marciniak\",\"isPartOf\":{\"@id\":\"https:\/\/www.klaudynamarciniak.com\/#website\"},\"datePublished\":\"2025-10-20T13:29:56+00:00\",\"breadcrumb\":{\"@id\":\"https:\/\/www.klaudynamarciniak.com\/en\/polityka-prywatnosci\/#breadcrumb\"},\"inLanguage\":\"en-US\",\"potentialAction\":[{\"@type\":\"ReadAction\",\"target\":[\"https:\/\/www.klaudynamarciniak.com\/en\/polityka-prywatnosci\/\"]}]},{\"@type\":\"BreadcrumbList\",\"@id\":\"https:\/\/www.klaudynamarciniak.com\/en\/polityka-prywatnosci\/#breadcrumb\",\"itemListElement\":[{\"@type\":\"ListItem\",\"position\":1,\"name\":\"Strona g\u0142\u00f3wna\",\"item\":\"https:\/\/www.klaudynamarciniak.com\/en\/\"},{\"@type\":\"ListItem\",\"position\":2,\"name\":\"Polityka prywatno\u015bci\"}]},{\"@type\":\"WebSite\",\"@id\":\"https:\/\/www.klaudynamarciniak.com\/#website\",\"url\":\"https:\/\/www.klaudynamarciniak.com\/\",\"name\":\"Klaudyna Marciniak\",\"description\":\"\",\"publisher\":{\"@id\":\"https:\/\/www.klaudynamarciniak.com\/#organization\"},\"potentialAction\":[{\"@type\":\"SearchAction\",\"target\":{\"@type\":\"EntryPoint\",\"urlTemplate\":\"https:\/\/www.klaudynamarciniak.com\/?s={search_term_string}\"},\"query-input\":{\"@type\":\"PropertyValueSpecification\",\"valueRequired\":true,\"valueName\":\"search_term_string\"}}],\"inLanguage\":\"en-US\"},{\"@type\":\"Organization\",\"@id\":\"https:\/\/www.klaudynamarciniak.com\/#organization\",\"name\":\"Klaudyna Marciniak\",\"url\":\"https:\/\/www.klaudynamarciniak.com\/\",\"logo\":{\"@type\":\"ImageObject\",\"inLanguage\":\"en-US\",\"@id\":\"https:\/\/www.klaudynamarciniak.com\/#\/schema\/logo\/image\/\",\"url\":\"https:\/\/www.klaudynamarciniak.com\/wp-content\/uploads\/2025\/12\/login-logo.png\",\"contentUrl\":\"https:\/\/www.klaudynamarciniak.com\/wp-content\/uploads\/2025\/12\/login-logo.png\",\"width\":950,\"height\":242,\"caption\":\"Klaudyna Marciniak\"},\"image\":{\"@id\":\"https:\/\/www.klaudynamarciniak.com\/#\/schema\/logo\/image\/\"}}]}<\/script>\n<!-- \/ Yoast SEO plugin. -->","yoast_head_json":{"title":"Polityka prywatno\u015bci - Klaudyna Marciniak","robots":{"index":"index","follow":"follow","max-snippet":"max-snippet:-1","max-image-preview":"max-image-preview:large","max-video-preview":"max-video-preview:-1"},"canonical":"https:\/\/www.klaudynamarciniak.com\/en\/polityka-prywatnosci\/","og_locale":"en_US","og_type":"article","og_title":"Polityka prywatno\u015bci - Klaudyna Marciniak","og_description":"Sklep nie zbiera w spos\u00f3b automatyczny \u017cadnych informacji, z wyj\u0105tkiem informacji zawartych w plikach cookies. Pliki cookies (tak zwane \u201eciasteczka\u201d) stanowi\u0105 dane informatyczne, w szczeg\u00f3lno\u015bci pliki tekstowe, kt\u00f3re przechowywane s\u0105 w urz\u0105dzeniu ko\u0144cowym U\u017cytkownika Sklepu i przeznaczone s\u0105 do korzystania ze stron internetowych Sklepu. Cookies zazwyczaj zawieraj\u0105 nazw\u0119 strony internetowej, z kt\u00f3rej pochodz\u0105, czas przechowywania [&hellip;]","og_url":"https:\/\/www.klaudynamarciniak.com\/en\/polityka-prywatnosci\/","og_site_name":"Klaudyna Marciniak","twitter_card":"summary_large_image","twitter_misc":{"Est. reading time":"4 minutes"},"schema":{"@context":"https:\/\/schema.org","@graph":[{"@type":"WebPage","@id":"https:\/\/www.klaudynamarciniak.com\/en\/polityka-prywatnosci\/","url":"https:\/\/www.klaudynamarciniak.com\/en\/polityka-prywatnosci\/","name":"Polityka prywatno\u015bci - Klaudyna Marciniak","isPartOf":{"@id":"https:\/\/www.klaudynamarciniak.com\/#website"},"datePublished":"2025-10-20T13:29:56+00:00","breadcrumb":{"@id":"https:\/\/www.klaudynamarciniak.com\/en\/polityka-prywatnosci\/#breadcrumb"},"inLanguage":"en-US","potentialAction":[{"@type":"ReadAction","target":["https:\/\/www.klaudynamarciniak.com\/en\/polityka-prywatnosci\/"]}]},{"@type":"BreadcrumbList","@id":"https:\/\/www.klaudynamarciniak.com\/en\/polityka-prywatnosci\/#breadcrumb","itemListElement":[{"@type":"ListItem","position":1,"name":"Strona g\u0142\u00f3wna","item":"https:\/\/www.klaudynamarciniak.com\/en\/"},{"@type":"ListItem","position":2,"name":"Polityka prywatno\u015bci"}]},{"@type":"WebSite","@id":"https:\/\/www.klaudynamarciniak.com\/#website","url":"https:\/\/www.klaudynamarciniak.com\/","name":"Klaudyna Marciniak","description":"","publisher":{"@id":"https:\/\/www.klaudynamarciniak.com\/#organization"},"potentialAction":[{"@type":"SearchAction","target":{"@type":"EntryPoint","urlTemplate":"https:\/\/www.klaudynamarciniak.com\/?s={search_term_string}"},"query-input":{"@type":"PropertyValueSpecification","valueRequired":true,"valueName":"search_term_string"}}],"inLanguage":"en-US"},{"@type":"Organization","@id":"https:\/\/www.klaudynamarciniak.com\/#organization","name":"Klaudyna Marciniak","url":"https:\/\/www.klaudynamarciniak.com\/","logo":{"@type":"ImageObject","inLanguage":"en-US","@id":"https:\/\/www.klaudynamarciniak.com\/#\/schema\/logo\/image\/","url":"https:\/\/www.klaudynamarciniak.com\/wp-content\/uploads\/2025\/12\/login-logo.png","contentUrl":"https:\/\/www.klaudynamarciniak.com\/wp-content\/uploads\/2025\/12\/login-logo.png","width":950,"height":242,"caption":"Klaudyna Marciniak"},"image":{"@id":"https:\/\/www.klaudynamarciniak.com\/#\/schema\/logo\/image\/"}}]}},"_links":{"self":[{"href":"https:\/\/www.klaudynamarciniak.com\/en\/wp-json\/wp\/v2\/pages\/495","targetHints":{"allow":["GET"]}}],"collection":[{"href":"https:\/\/www.klaudynamarciniak.com\/en\/wp-json\/wp\/v2\/pages"}],"about":[{"href":"https:\/\/www.klaudynamarciniak.com\/en\/wp-json\/wp\/v2\/types\/page"}],"author":[{"embeddable":true,"href":"https:\/\/www.klaudynamarciniak.com\/en\/wp-json\/wp\/v2\/users\/1"}],"replies":[{"embeddable":true,"href":"https:\/\/www.klaudynamarciniak.com\/en\/wp-json\/wp\/v2\/comments?post=495"}],"version-history":[{"count":0,"href":"https:\/\/www.klaudynamarciniak.com\/en\/wp-json\/wp\/v2\/pages\/495\/revisions"}],"wp:attachment":[{"href":"https:\/\/www.klaudynamarciniak.com\/en\/wp-json\/wp\/v2\/media?parent=495"}],"curies":[{"name":"wp","href":"https:\/\/api.w.org\/{rel}","templated":true}]}}